{"id":3997,"date":"2019-11-05T09:32:42","date_gmt":"2019-11-05T08:32:42","guid":{"rendered":"http:\/\/delphinemarieyoga.com\/?page_id=3997"},"modified":"2020-04-01T08:28:10","modified_gmt":"2020-04-01T06:28:10","slug":"yoga-de-pleine-lune-cercle-de-femmes","status":"publish","type":"page","link":"https:\/\/delphinemarieyoga.com\/index.php\/reservations\/yoga-de-pleine-lune-cercle-de-femmes\/","title":{"rendered":"Yoga de Pleine Lune &#038; cercle de femmes EN LIGNE"},"content":{"rendered":"<p class=\"p1\">Atelier de 2h-2h30 pour c\u00e9l\u00e9brer la pleine lune d&rsquo;Avril et se reconnecter \u00e0 soi.<\/p>\n<p class=\"p1\">Une invitation pour retrouver la s\u00e9r\u00e9nit\u00e9 au plus profond de vous-m\u00eames, pour exprimer les \u00e9motions enfouies et se connecter aux autres.<\/p>\n<p class=\"p1\">Un atelier sous le signe de la douceur, du f\u00e9minin, de l\u2019ouverture \u00e0 soi pour vous permettre d\u2019accepter, de l\u00e2cher-prise et mener \u00e0 bien nos projets.<\/p>\n<p class=\"p1\"><b>Cet atelier est ouvert \u00e0 tous, une connaissance de la pratique est un plus. N&rsquo;h\u00e9sitez pas \u00e0 me contacter pour toute question.\u00a0<\/b><\/p>\n<h4><strong>PROGRAMME<\/strong><\/h4>\n<ul>\n<li>1h de Yoga fluide et introspectif orient\u00e9 autour de l&rsquo;intention de cette lune d&rsquo;avril<\/li>\n<li>M\u00e9ditation et chant de mantra.<\/li>\n<li><strong>Cercle de paroles<\/strong>: Chacune aura l&rsquo;opportunit\u00e9 de s&rsquo;exprimer librement autour de ce qu&rsquo;elle vit, de son exp\u00e9rience du moment pr\u00e9sent, de ses difficult\u00e9s, ses doutes, ses peurs mais aussi ses joies. Chacune sera \u00e9cout\u00e9e activement \u00e0 tour de r\u00f4le. Si vous ne souhaitez pas parler, nous vous accorderons un temps de connexion et de silence.<\/li>\n<\/ul>\n<h4 class=\"p1\"><b>TARIF ET CONDITIONS<\/b><\/h4>\n<p class=\"p1\">&gt; Prix: 16 euros<\/p>\n<p class=\"p1\">&gt; Paiement demand\u00e9 \u00e0 la r\u00e9servation.<\/p>\n<p class=\"p1\"><span style=\"text-decoration: underline;\"><b>ATELIER <\/b><\/span><strong><span style=\"text-decoration: underline;\">EN LIGNE via ZOOM<\/span> : <\/strong><em>une fois votre r\u00e9servation confirm\u00e9e, vous recevrez un e-mail avec le lien d&rsquo;acc\u00e8s \u00e0 l&rsquo;atelier en ligne (via ZOOM) &#8211; pensez \u00e0 regarder dans vos spams. Merci de vous connecter quelques minutes avant le d\u00e9but du cours.\u00a0<\/em><\/p>\n<h4 class=\"p4\" style=\"text-align: center;\"><span style=\"text-decoration: underline;\"><span class=\"s1\"><b>RESERVATION<\/b><\/span><\/span><\/h4>\n<p class=\"p1\">WARNING: service ID(s) not found. Please check the shortcode syntax and ensure at least one of the specified services is active.<\/p>\n","protected":false},"excerpt":{"rendered":"<p>Atelier de 2h-2h30 pour c\u00e9l\u00e9brer la pleine lune d&rsquo;Avril et se reconnecter \u00e0 soi. Une invitation pour retrouver la s\u00e9r\u00e9nit\u00e9 au plus profond de vous-m\u00eames, pour exprimer les \u00e9motions enfouies et se connecter aux autres. Un atelier sous le signe de la douceur, du f\u00e9minin, de l\u2019ouverture \u00e0 soi pour vous permettre d\u2019accepter, de l\u00e2cher-prise &hellip;<\/p>\n<p class=\"read-more\"> <a class=\"ast-button\" href=\"https:\/\/delphinemarieyoga.com\/index.php\/reservations\/yoga-de-pleine-lune-cercle-de-femmes\/\"> <span class=\"screen-reader-text\">Yoga de Pleine Lune &#038; cercle de femmes EN LIGNE<\/span> Lire la suite \u00bb<\/a><\/p>\n","protected":false},"author":1,"featured_media":4227,"parent":313,"menu_order":0,"comment_status":"closed","ping_status":"closed","template":"page-fullwidth.php","meta":{"_uag_custom_page_level_css":"","site-sidebar-layout":"default","site-content-layout":"default","ast-global-header-display":"","ast-main-header-display":"","ast-hfb-above-header-display":"","ast-hfb-below-header-display":"","ast-hfb-mobile-header-display":"","site-post-title":"","ast-breadcrumbs-content":"","ast-featured-img":"","footer-sml-layout":"","theme-transparent-header-meta":"","adv-header-id-meta":"","stick-header-meta":"","header-above-stick-meta":"","header-main-stick-meta":"","header-below-stick-meta":""},"yoast_head":"<!-- This site is optimized with the Yoast SEO plugin v19.10 - https:\/\/yoast.com\/wordpress\/plugins\/seo\/ -->\n<title>Yoga de Pleine Lune &amp; cercle de femmes EN LIGNE - La Yoga Tribe<\/title>\n<meta name=\"description\" content=\"Atelier yoga de 2h autour de la pleine lune: une heure de pratique et une heure de discussion autour de l&#039;influence de la lune dans nos vies de femme.\" \/>\n<meta name=\"robots\" content=\"index, follow, max-snippet:-1, max-image-preview:large, max-video-preview:-1\" \/>\n<link rel=\"canonical\" href=\"https:\/\/delphinemarieyoga.com\/index.php\/accueil__trashed\/cours-yoga-nice__trashed\/cours-collectifs__trashed\/reservations\/yoga-de-pleine-lune-cercle-de-femmes\/\" \/>\n<meta property=\"og:locale\" content=\"fr_FR\" \/>\n<meta property=\"og:type\" content=\"article\" \/>\n<meta property=\"og:title\" content=\"Yoga de Pleine Lune &amp; cercle de femmes EN LIGNE - La Yoga Tribe\" \/>\n<meta property=\"og:description\" content=\"Atelier yoga de 2h autour de la pleine lune: une heure de pratique et une heure de discussion autour de l&#039;influence de la lune dans nos vies de femme.\" \/>\n<meta property=\"og:url\" content=\"https:\/\/delphinemarieyoga.com\/index.php\/accueil__trashed\/cours-yoga-nice__trashed\/cours-collectifs__trashed\/reservations\/yoga-de-pleine-lune-cercle-de-femmes\/\" \/>\n<meta property=\"og:site_name\" content=\"La Yoga Tribe\" \/>\n<meta property=\"article:publisher\" content=\"https:\/\/www.facebook.com\/delphinemarieyoga\/\" \/>\n<meta property=\"article:modified_time\" content=\"2020-04-01T06:28:10+00:00\" \/>\n<meta property=\"og:image\" content=\"https:\/\/delphinemarieyoga.com\/wp-content\/uploads\/2020\/04\/2020-04-Cercle-de-femmes-yoga.png\" \/>\n\t<meta property=\"og:image:width\" content=\"1200\" \/>\n\t<meta property=\"og:image:height\" content=\"628\" \/>\n\t<meta property=\"og:image:type\" content=\"image\/png\" \/>\n<meta name=\"twitter:card\" content=\"summary_large_image\" \/>\n<meta name=\"twitter:label1\" content=\"Dur\u00e9e de lecture estim\u00e9e\" \/>\n\t<meta name=\"twitter:data1\" content=\"1 minute\" \/>\n<script type=\"application\/ld+json\" class=\"yoast-schema-graph\">{\"@context\":\"https:\/\/schema.org\",\"@graph\":[{\"@type\":\"WebPage\",\"@id\":\"https:\/\/delphinemarieyoga.com\/index.php\/accueil__trashed\/cours-yoga-nice__trashed\/cours-collectifs__trashed\/reservations\/yoga-de-pleine-lune-cercle-de-femmes\/\",\"url\":\"https:\/\/delphinemarieyoga.com\/index.php\/accueil__trashed\/cours-yoga-nice__trashed\/cours-collectifs__trashed\/reservations\/yoga-de-pleine-lune-cercle-de-femmes\/\",\"name\":\"Yoga de Pleine Lune & cercle de femmes EN LIGNE - La Yoga Tribe\",\"isPartOf\":{\"@id\":\"https:\/\/delphinemarieyoga.com\/#website\"},\"datePublished\":\"2019-11-05T08:32:42+00:00\",\"dateModified\":\"2020-04-01T06:28:10+00:00\",\"description\":\"Atelier yoga de 2h autour de la pleine lune: une heure de pratique et une heure de discussion autour de l'influence de la lune dans nos vies de femme.\",\"breadcrumb\":{\"@id\":\"https:\/\/delphinemarieyoga.com\/index.php\/accueil__trashed\/cours-yoga-nice__trashed\/cours-collectifs__trashed\/reservations\/yoga-de-pleine-lune-cercle-de-femmes\/#breadcrumb\"},\"inLanguage\":\"fr-FR\",\"potentialAction\":[{\"@type\":\"ReadAction\",\"target\":[\"https:\/\/delphinemarieyoga.com\/index.php\/accueil__trashed\/cours-yoga-nice__trashed\/cours-collectifs__trashed\/reservations\/yoga-de-pleine-lune-cercle-de-femmes\/\"]}]},{\"@type\":\"BreadcrumbList\",\"@id\":\"https:\/\/delphinemarieyoga.com\/index.php\/accueil__trashed\/cours-yoga-nice__trashed\/cours-collectifs__trashed\/reservations\/yoga-de-pleine-lune-cercle-de-femmes\/#breadcrumb\",\"itemListElement\":[{\"@type\":\"ListItem\",\"position\":1,\"name\":\"Accueil\",\"item\":\"https:\/\/delphinemarieyoga.com\/\"},{\"@type\":\"ListItem\",\"position\":2,\"name\":\"R\u00e9servations\",\"item\":\"https:\/\/delphinemarieyoga.com\/index.php\/accueil__trashed\/cours-yoga-nice__trashed\/cours-collectifs__trashed\/reservations\/\"},{\"@type\":\"ListItem\",\"position\":3,\"name\":\"Yoga de Pleine Lune &#038; cercle de femmes EN LIGNE\"}]},{\"@type\":\"WebSite\",\"@id\":\"https:\/\/delphinemarieyoga.com\/#website\",\"url\":\"https:\/\/delphinemarieyoga.com\/\",\"name\":\"La Yoga Tribe\",\"description\":\"Blog &amp; vid\u00e9os yoga\",\"publisher\":{\"@id\":\"https:\/\/delphinemarieyoga.com\/#organization\"},\"potentialAction\":[{\"@type\":\"SearchAction\",\"target\":{\"@type\":\"EntryPoint\",\"urlTemplate\":\"https:\/\/delphinemarieyoga.com\/?s={search_term_string}\"},\"query-input\":\"required name=search_term_string\"}],\"inLanguage\":\"fr-FR\"},{\"@type\":\"Organization\",\"@id\":\"https:\/\/delphinemarieyoga.com\/#organization\",\"name\":\"Chronique d'une yogi: blog yoga, vid\u00e9os en ligne et cours sur Nice\",\"url\":\"https:\/\/delphinemarieyoga.com\/\",\"logo\":{\"@type\":\"ImageObject\",\"inLanguage\":\"fr-FR\",\"@id\":\"https:\/\/delphinemarieyoga.com\/#\/schema\/logo\/image\/\",\"url\":\"https:\/\/delphinemarieyoga.com\/wp-content\/uploads\/2018\/01\/Sans-titre.png\",\"contentUrl\":\"https:\/\/delphinemarieyoga.com\/wp-content\/uploads\/2018\/01\/Sans-titre.png\",\"width\":728,\"height\":90,\"caption\":\"Chronique d'une yogi: blog yoga, vid\u00e9os en ligne et cours sur Nice\"},\"image\":{\"@id\":\"https:\/\/delphinemarieyoga.com\/#\/schema\/logo\/image\/\"},\"sameAs\":[\"https:\/\/www.instagram.com\/delphinemarieyoga\/\",\"https:\/\/www.linkedin.com\/in\/marquetdelphine\/\",\"https:\/\/www.youtube.com\/channel\/UC14d6dzG1eiQ7DiQNKCaeMA\",\"https:\/\/www.facebook.com\/delphinemarieyoga\/\"]}]}<\/script>\n<!-- \/ Yoast SEO plugin. -->","yoast_head_json":{"title":"Yoga de Pleine Lune & cercle de femmes EN LIGNE - La Yoga Tribe","description":"Atelier yoga de 2h autour de la pleine lune: une heure de pratique et une heure de discussion autour de l'influence de la lune dans nos vies de femme.","robots":{"index":"index","follow":"follow","max-snippet":"max-snippet:-1","max-image-preview":"max-image-preview:large","max-video-preview":"max-video-preview:-1"},"canonical":"https:\/\/delphinemarieyoga.com\/index.php\/accueil__trashed\/cours-yoga-nice__trashed\/cours-collectifs__trashed\/reservations\/yoga-de-pleine-lune-cercle-de-femmes\/","og_locale":"fr_FR","og_type":"article","og_title":"Yoga de Pleine Lune & cercle de femmes EN LIGNE - La Yoga Tribe","og_description":"Atelier yoga de 2h autour de la pleine lune: une heure de pratique et une heure de discussion autour de l'influence de la lune dans nos vies de femme.","og_url":"https:\/\/delphinemarieyoga.com\/index.php\/accueil__trashed\/cours-yoga-nice__trashed\/cours-collectifs__trashed\/reservations\/yoga-de-pleine-lune-cercle-de-femmes\/","og_site_name":"La Yoga Tribe","article_publisher":"https:\/\/www.facebook.com\/delphinemarieyoga\/","article_modified_time":"2020-04-01T06:28:10+00:00","og_image":[{"width":1200,"height":628,"url":"https:\/\/delphinemarieyoga.com\/wp-content\/uploads\/2020\/04\/2020-04-Cercle-de-femmes-yoga.png","type":"image\/png"}],"twitter_card":"summary_large_image","twitter_misc":{"Dur\u00e9e de lecture estim\u00e9e":"1 minute"},"schema":{"@context":"https:\/\/schema.org","@graph":[{"@type":"WebPage","@id":"https:\/\/delphinemarieyoga.com\/index.php\/accueil__trashed\/cours-yoga-nice__trashed\/cours-collectifs__trashed\/reservations\/yoga-de-pleine-lune-cercle-de-femmes\/","url":"https:\/\/delphinemarieyoga.com\/index.php\/accueil__trashed\/cours-yoga-nice__trashed\/cours-collectifs__trashed\/reservations\/yoga-de-pleine-lune-cercle-de-femmes\/","name":"Yoga de Pleine Lune & cercle de femmes EN LIGNE - La Yoga Tribe","isPartOf":{"@id":"https:\/\/delphinemarieyoga.com\/#website"},"datePublished":"2019-11-05T08:32:42+00:00","dateModified":"2020-04-01T06:28:10+00:00","description":"Atelier yoga de 2h autour de la pleine lune: une heure de pratique et une heure de discussion autour de l'influence de la lune dans nos vies de femme.","breadcrumb":{"@id":"https:\/\/delphinemarieyoga.com\/index.php\/accueil__trashed\/cours-yoga-nice__trashed\/cours-collectifs__trashed\/reservations\/yoga-de-pleine-lune-cercle-de-femmes\/#breadcrumb"},"inLanguage":"fr-FR","potentialAction":[{"@type":"ReadAction","target":["https:\/\/delphinemarieyoga.com\/index.php\/accueil__trashed\/cours-yoga-nice__trashed\/cours-collectifs__trashed\/reservations\/yoga-de-pleine-lune-cercle-de-femmes\/"]}]},{"@type":"BreadcrumbList","@id":"https:\/\/delphinemarieyoga.com\/index.php\/accueil__trashed\/cours-yoga-nice__trashed\/cours-collectifs__trashed\/reservations\/yoga-de-pleine-lune-cercle-de-femmes\/#breadcrumb","itemListElement":[{"@type":"ListItem","position":1,"name":"Accueil","item":"https:\/\/delphinemarieyoga.com\/"},{"@type":"ListItem","position":2,"name":"R\u00e9servations","item":"https:\/\/delphinemarieyoga.com\/index.php\/accueil__trashed\/cours-yoga-nice__trashed\/cours-collectifs__trashed\/reservations\/"},{"@type":"ListItem","position":3,"name":"Yoga de Pleine Lune &#038; cercle de femmes EN LIGNE"}]},{"@type":"WebSite","@id":"https:\/\/delphinemarieyoga.com\/#website","url":"https:\/\/delphinemarieyoga.com\/","name":"La Yoga Tribe","description":"Blog &amp; vid\u00e9os yoga","publisher":{"@id":"https:\/\/delphinemarieyoga.com\/#organization"},"potentialAction":[{"@type":"SearchAction","target":{"@type":"EntryPoint","urlTemplate":"https:\/\/delphinemarieyoga.com\/?s={search_term_string}"},"query-input":"required name=search_term_string"}],"inLanguage":"fr-FR"},{"@type":"Organization","@id":"https:\/\/delphinemarieyoga.com\/#organization","name":"Chronique d'une yogi: blog yoga, vid\u00e9os en ligne et cours sur Nice","url":"https:\/\/delphinemarieyoga.com\/","logo":{"@type":"ImageObject","inLanguage":"fr-FR","@id":"https:\/\/delphinemarieyoga.com\/#\/schema\/logo\/image\/","url":"https:\/\/delphinemarieyoga.com\/wp-content\/uploads\/2018\/01\/Sans-titre.png","contentUrl":"https:\/\/delphinemarieyoga.com\/wp-content\/uploads\/2018\/01\/Sans-titre.png","width":728,"height":90,"caption":"Chronique d'une yogi: blog yoga, vid\u00e9os en ligne et cours sur Nice"},"image":{"@id":"https:\/\/delphinemarieyoga.com\/#\/schema\/logo\/image\/"},"sameAs":["https:\/\/www.instagram.com\/delphinemarieyoga\/","https:\/\/www.linkedin.com\/in\/marquetdelphine\/","https:\/\/www.youtube.com\/channel\/UC14d6dzG1eiQ7DiQNKCaeMA","https:\/\/www.facebook.com\/delphinemarieyoga\/"]}]}},"uagb_featured_image_src":{"full":["https:\/\/delphinemarieyoga.com\/wp-content\/uploads\/2020\/04\/2020-04-Cercle-de-femmes-yoga.png",1200,628,false],"thumbnail":["https:\/\/delphinemarieyoga.com\/wp-content\/uploads\/2020\/04\/2020-04-Cercle-de-femmes-yoga-150x150.png",150,150,true],"medium":["https:\/\/delphinemarieyoga.com\/wp-content\/uploads\/2020\/04\/2020-04-Cercle-de-femmes-yoga-300x157.png",300,157,true],"medium_large":["https:\/\/delphinemarieyoga.com\/wp-content\/uploads\/2020\/04\/2020-04-Cercle-de-femmes-yoga-768x402.png",768,402,true],"large":["https:\/\/delphinemarieyoga.com\/wp-content\/uploads\/2020\/04\/2020-04-Cercle-de-femmes-yoga-1024x536.png",1024,536,true],"1536x1536":["https:\/\/delphinemarieyoga.com\/wp-content\/uploads\/2020\/04\/2020-04-Cercle-de-femmes-yoga.png",1200,628,false],"2048x2048":["https:\/\/delphinemarieyoga.com\/wp-content\/uploads\/2020\/04\/2020-04-Cercle-de-femmes-yoga.png",1200,628,false],"woocommerce_thumbnail":["https:\/\/delphinemarieyoga.com\/wp-content\/uploads\/2020\/04\/2020-04-Cercle-de-femmes-yoga-300x300.png",300,300,true],"woocommerce_single":["https:\/\/delphinemarieyoga.com\/wp-content\/uploads\/2020\/04\/2020-04-Cercle-de-femmes-yoga-600x314.png",600,314,true],"woocommerce_gallery_thumbnail":["https:\/\/delphinemarieyoga.com\/wp-content\/uploads\/2020\/04\/2020-04-Cercle-de-femmes-yoga-100x100.png",100,100,true]},"uagb_author_info":{"display_name":"Delphine","author_link":"https:\/\/delphinemarieyoga.com\/index.php\/author\/delphine\/"},"uagb_comment_info":0,"uagb_excerpt":"Atelier de 2h-2h30 pour c\u00e9l\u00e9brer la pleine lune d&rsquo;Avril et se reconnecter \u00e0 soi. Une invitation pour retrouver la s\u00e9r\u00e9nit\u00e9 au plus profond de vous-m\u00eames, pour exprimer les \u00e9motions enfouies et se connecter aux autres. Un atelier sous le signe de la douceur, du f\u00e9minin, de l\u2019ouverture \u00e0 soi pour vous permettre d\u2019accepter, de l\u00e2cher-prise\u2026","_links":{"self":[{"href":"https:\/\/delphinemarieyoga.com\/index.php\/wp-json\/wp\/v2\/pages\/3997"}],"collection":[{"href":"https:\/\/delphinemarieyoga.com\/index.php\/wp-json\/wp\/v2\/pages"}],"about":[{"href":"https:\/\/delphinemarieyoga.com\/index.php\/wp-json\/wp\/v2\/types\/page"}],"author":[{"embeddable":true,"href":"https:\/\/delphinemarieyoga.com\/index.php\/wp-json\/wp\/v2\/users\/1"}],"replies":[{"embeddable":true,"href":"https:\/\/delphinemarieyoga.com\/index.php\/wp-json\/wp\/v2\/comments?post=3997"}],"version-history":[{"count":8,"href":"https:\/\/delphinemarieyoga.com\/index.php\/wp-json\/wp\/v2\/pages\/3997\/revisions"}],"predecessor-version":[{"id":4232,"href":"https:\/\/delphinemarieyoga.com\/index.php\/wp-json\/wp\/v2\/pages\/3997\/revisions\/4232"}],"up":[{"embeddable":true,"href":"https:\/\/delphinemarieyoga.com\/index.php\/wp-json\/wp\/v2\/pages\/313"}],"wp:featuredmedia":[{"embeddable":true,"href":"https:\/\/delphinemarieyoga.com\/index.php\/wp-json\/wp\/v2\/media\/4227"}],"wp:attachment":[{"href":"https:\/\/delphinemarieyoga.com\/index.php\/wp-json\/wp\/v2\/media?parent=3997"}],"curies":[{"name":"wp","href":"https:\/\/api.w.org\/{rel}","templated":true}]}}