{"id":23775,"date":"2023-08-31T10:41:32","date_gmt":"2023-08-31T08:41:32","guid":{"rendered":"https:\/\/delphinemarieyoga.com\/?page_id=23775"},"modified":"2023-08-31T10:41:34","modified_gmt":"2023-08-31T08:41:34","slug":"tarifs","status":"publish","type":"page","link":"https:\/\/delphinemarieyoga.com\/index.php\/cours-de-yoga\/tarifs\/","title":{"rendered":"Tarifs"},"content":{"rendered":"\n<p>Vous trouverez ci apr\u00e8s les tarifs et conditions des prestations que je vous propose. Pour toute question ou demande de devis, contactez moi directement via le <a href=\"http:\/\/delphinemarieyoga.com\/index.php\/fr\/contact\/\">formulaire de contact<\/a> ou par email sur contact@delphinemarieyoga.com<\/p>\n\n\n\n<table id=\"tablepress-10\" class=\"tablepress tablepress-id-10\">\n<thead>\n<tr class=\"row-1 odd\">\n\t<th class=\"column-1\">FORMULE<\/th><th class=\"column-2\">TARIF<\/th><th class=\"column-3\">CONDITION<\/th>\n<\/tr>\n<\/thead>\n<tbody class=\"row-hover\">\n<tr class=\"row-2 even\">\n\t<td colspan=\"3\" class=\"column-1\"><b> Cours collectifs chez Azur Form Equilibre<\/td>\n<\/tr>\n<tr class=\"row-3 odd\">\n\t<td class=\"column-1\">Cours \u00e0 l'unit\u00e9<\/td><td class=\"column-2\">18\u20ac<\/td><td class=\"column-3\"><\/td>\n<\/tr>\n<tr class=\"row-4 even\">\n\t<td class=\"column-1\">Carte 5 cours<\/td><td class=\"column-2\">80\u20ac<br \/>\n<\/td><td class=\"column-3\">Valable 2 mois \u00e0 partir de la date d'\u00e9mission<\/td>\n<\/tr>\n<tr class=\"row-5 odd\">\n\t<td colspan=\"3\" class=\"column-1\"><b> Cours priv\u00e9s<\/td>\n<\/tr>\n<tr class=\"row-6 even\">\n\t<td class=\"column-1\"><b>A domicile<\/td><td class=\"column-2\"><\/td><td class=\"column-3\"><\/td>\n<\/tr>\n<tr class=\"row-7 odd\">\n\t<td class=\"column-1\">Cours 1h<\/td><td class=\"column-2\">100 \u20ac<\/td><td class=\"column-3\">Sur Nice centre. Frais de d\u00e9placement en suppl\u00e9ment en dehors de Nice centre.<\/td>\n<\/tr>\n<tr class=\"row-8 even\">\n\t<td class=\"column-1\">Carte 10 cours<\/td><td class=\"column-2\">800 \u20ac (80\u20ac \/ cours)<\/td><td class=\"column-3\">Valable 4 mois. <br \/>\nFrais de d\u00e9placement en suppl\u00e9ment (hors Nice centre)<\/td>\n<\/tr>\n<tr class=\"row-9 odd\">\n\t<td class=\"column-1\"><b>Via Skype<\/td><td class=\"column-2\"><\/td><td class=\"column-3\"><\/td>\n<\/tr>\n<tr class=\"row-10 even\">\n\t<td class=\"column-1\">Cours 1h<\/td><td class=\"column-2\">90 \u20ac<\/td><td class=\"column-3\"><\/td>\n<\/tr>\n<tr class=\"row-11 odd\">\n\t<td class=\"column-1\"><b> Cours semi privatifs<\/td><td class=\"column-2\"><\/td><td class=\"column-3\"><\/td>\n<\/tr>\n<tr class=\"row-12 even\">\n\t<td class=\"column-1\">Cours 1h dans le lieu de votre choix (domicile, ext\u00e9rieur, lieu de travail) - jusqu'\u00e0 4 personnes<\/td><td class=\"column-2\">120 \u20ac<\/td><td class=\"column-3\">De 3 \u00e0 6 personnes.<br \/>\nFrais de d\u00e9placement inclus<\/td>\n<\/tr>\n<tr class=\"row-13 odd\">\n\t<td class=\"column-1\"><b> Yoga pr\u00e9natal (m\u00e9thode Bernadette De Gasquet)<\/td><td class=\"column-2\"><\/td><td class=\"column-3\"><\/td>\n<\/tr>\n<tr class=\"row-14 even\">\n\t<td class=\"column-1\">Cours priv\u00e9 1h \u00e0 domicile<\/td><td class=\"column-2\">100 \u20ac<\/td><td class=\"column-3\">Frais de d\u00e9placement en suppl\u00e9ment (hors Nice centre). Devis sur demande.<\/td>\n<\/tr>\n<tr class=\"row-15 odd\">\n\t<td class=\"column-1\">Forfait 10 cours<\/td><td class=\"column-2\">800 \u20ac (80\u20ac \/ cours)<\/td><td class=\"column-3\">Valable 4 mois. <br \/>\nFrais de d\u00e9placement en suppl\u00e9ment (hors Nice centre)<\/td>\n<\/tr>\n<tr class=\"row-16 even\">\n\t<td class=\"column-1\"><b> Yoga postnatal (m\u00e9thode Bernadette De Gasquet)<\/td><td class=\"column-2\"><\/td><td class=\"column-3\"><\/td>\n<\/tr>\n<tr class=\"row-17 odd\">\n\t<td class=\"column-1\">Cours priv\u00e9 1h \u00e0 domicile<\/td><td class=\"column-2\">100 \u20ac<\/td><td class=\"column-3\">Frais de d\u00e9placement en suppl\u00e9ment (hors Nice centre). Devis sur demande.<\/td>\n<\/tr>\n<tr class=\"row-18 even\">\n\t<td class=\"column-1\">Forfait 10 cours<\/td><td class=\"column-2\">800 \u20ac (80\u20ac \/ cours)<\/td><td class=\"column-3\">Valable 4 mois. <br \/>\nFrais de d\u00e9placement en suppl\u00e9ment (hors Nice centre)<\/td>\n<\/tr>\n<tr class=\"row-19 odd\">\n\t<td class=\"column-1\"><b> Cours en entreprise<\/td><td class=\"column-2\"><\/td><td class=\"column-3\"><\/td>\n<\/tr>\n<tr class=\"row-20 even\">\n\t<td class=\"column-1\">Intervention en entreprise autour du bien \u00eatre (2h). Programme \u00e0 d\u00e9finir ensemble. <\/td><td class=\"column-2\">Sur demande<\/td><td class=\"column-3\"><\/td>\n<\/tr>\n<tr class=\"row-21 odd\">\n\t<td class=\"column-1\">Cours collectifs r\u00e9guliers<\/td><td class=\"column-2\">140\u20ac HT<br \/>\n(base de 10 personnes: 14\u20ac \/ personne)<\/td><td class=\"column-3\">Base de 20 cours sur 6 mois ou 40 cours par an<\/td>\n<\/tr>\n<tr class=\"row-22 even\">\n\t<td class=\"column-1\">Cours de m\u00e9ditation 45 min<\/td><td class=\"column-2\">110 \u20ac HT<br \/>\n(base de 10 personnes: 11\u20ac \/ personne)<\/td><td class=\"column-3\">Base de 20 cours sur 6 mois ou 40 cours par an<\/td>\n<\/tr>\n<tr class=\"row-23 odd\">\n\t<td class=\"column-1\">1h45 de cours: 1h cours de Yoga + 45 min de m\u00e9ditation<\/td><td class=\"column-2\">200 \u20ac HT<br \/>\n(base de 10 personnes: 20\u20ac \/ personne)<\/td><td class=\"column-3\">Base de 20 cours sur 6 mois ou 40 cours par an<\/td>\n<\/tr>\n<tr class=\"row-24 even\">\n\t<td class=\"column-1\"><b> Ev\u00e8nements<\/b><br \/>\nMariages, enterrements de vie de jeune fille, anniversaires...<\/td><td class=\"column-2\">Sur demande<\/td><td class=\"column-3\">Mat\u00e9riel fourni<\/td>\n<\/tr>\n<\/tbody>\n<\/table>\n<!-- #tablepress-10 from cache -->\n","protected":false},"excerpt":{"rendered":"<p>Vous trouverez ci apr\u00e8s les tarifs et conditions des prestations que je vous propose. Pour toute question ou demande de devis, contactez moi directement via le formulaire de contact ou par email sur contact@delphinemarieyoga.com<\/p>\n","protected":false},"author":1,"featured_media":0,"parent":23772,"menu_order":0,"comment_status":"closed","ping_status":"closed","template":"","meta":{"_uag_custom_page_level_css":"","site-sidebar-layout":"default","site-content-layout":"default","ast-global-header-display":"","ast-main-header-display":"","ast-hfb-above-header-display":"","ast-hfb-below-header-display":"","ast-hfb-mobile-header-display":"","site-post-title":"","ast-breadcrumbs-content":"","ast-featured-img":"","footer-sml-layout":"","theme-transparent-header-meta":"","adv-header-id-meta":"","stick-header-meta":"","header-above-stick-meta":"","header-main-stick-meta":"","header-below-stick-meta":""},"yoast_head":"<!-- This site is optimized with the Yoast SEO plugin v19.10 - https:\/\/yoast.com\/wordpress\/plugins\/seo\/ -->\n<title>Tarifs - La Yoga Tribe<\/title>\n<meta name=\"description\" content=\"Les tarifs de mes cours de Yoga en ligne et en pr\u00e9sentiel sur Nice et alentours. Cours de yoga priv\u00e9, collectifs, entreprises et \u00e9v\u00e8nements\" \/>\n<meta name=\"robots\" content=\"index, follow, max-snippet:-1, max-image-preview:large, max-video-preview:-1\" \/>\n<link rel=\"canonical\" href=\"https:\/\/delphinemarieyoga.com\/index.php\/cours-de-yoga\/tarifs\/\" \/>\n<meta property=\"og:locale\" content=\"fr_FR\" \/>\n<meta property=\"og:type\" content=\"article\" \/>\n<meta property=\"og:title\" content=\"Tarifs - La Yoga Tribe\" \/>\n<meta property=\"og:description\" content=\"Les tarifs de mes cours de Yoga en ligne et en pr\u00e9sentiel sur Nice et alentours. Cours de yoga priv\u00e9, collectifs, entreprises et \u00e9v\u00e8nements\" \/>\n<meta property=\"og:url\" content=\"https:\/\/delphinemarieyoga.com\/index.php\/cours-de-yoga\/tarifs\/\" \/>\n<meta property=\"og:site_name\" content=\"La Yoga Tribe\" \/>\n<meta property=\"article:publisher\" content=\"https:\/\/www.facebook.com\/delphinemarieyoga\/\" \/>\n<meta property=\"article:modified_time\" content=\"2023-08-31T08:41:34+00:00\" \/>\n<meta name=\"twitter:card\" content=\"summary_large_image\" \/>\n<meta name=\"twitter:label1\" content=\"Dur\u00e9e de lecture estim\u00e9e\" \/>\n\t<meta name=\"twitter:data1\" content=\"1 minute\" \/>\n<script type=\"application\/ld+json\" class=\"yoast-schema-graph\">{\"@context\":\"https:\/\/schema.org\",\"@graph\":[{\"@type\":\"WebPage\",\"@id\":\"https:\/\/delphinemarieyoga.com\/index.php\/cours-de-yoga\/tarifs\/\",\"url\":\"https:\/\/delphinemarieyoga.com\/index.php\/cours-de-yoga\/tarifs\/\",\"name\":\"Tarifs - La Yoga Tribe\",\"isPartOf\":{\"@id\":\"https:\/\/delphinemarieyoga.com\/#website\"},\"datePublished\":\"2023-08-31T08:41:32+00:00\",\"dateModified\":\"2023-08-31T08:41:34+00:00\",\"description\":\"Les tarifs de mes cours de Yoga en ligne et en pr\u00e9sentiel sur Nice et alentours. Cours de yoga priv\u00e9, collectifs, entreprises et \u00e9v\u00e8nements\",\"breadcrumb\":{\"@id\":\"https:\/\/delphinemarieyoga.com\/index.php\/cours-de-yoga\/tarifs\/#breadcrumb\"},\"inLanguage\":\"fr-FR\",\"potentialAction\":[{\"@type\":\"ReadAction\",\"target\":[\"https:\/\/delphinemarieyoga.com\/index.php\/cours-de-yoga\/tarifs\/\"]}]},{\"@type\":\"BreadcrumbList\",\"@id\":\"https:\/\/delphinemarieyoga.com\/index.php\/cours-de-yoga\/tarifs\/#breadcrumb\",\"itemListElement\":[{\"@type\":\"ListItem\",\"position\":1,\"name\":\"Accueil\",\"item\":\"https:\/\/delphinemarieyoga.com\/\"},{\"@type\":\"ListItem\",\"position\":2,\"name\":\"Cours de Yoga (sur Nice et en ligne)\",\"item\":\"https:\/\/delphinemarieyoga.com\/index.php\/cours-de-yoga\/\"},{\"@type\":\"ListItem\",\"position\":3,\"name\":\"Tarifs\"}]},{\"@type\":\"WebSite\",\"@id\":\"https:\/\/delphinemarieyoga.com\/#website\",\"url\":\"https:\/\/delphinemarieyoga.com\/\",\"name\":\"La Yoga Tribe\",\"description\":\"Blog &amp; vid\u00e9os yoga\",\"publisher\":{\"@id\":\"https:\/\/delphinemarieyoga.com\/#organization\"},\"potentialAction\":[{\"@type\":\"SearchAction\",\"target\":{\"@type\":\"EntryPoint\",\"urlTemplate\":\"https:\/\/delphinemarieyoga.com\/?s={search_term_string}\"},\"query-input\":\"required name=search_term_string\"}],\"inLanguage\":\"fr-FR\"},{\"@type\":\"Organization\",\"@id\":\"https:\/\/delphinemarieyoga.com\/#organization\",\"name\":\"Chronique d'une yogi: blog yoga, vid\u00e9os en ligne et cours sur Nice\",\"url\":\"https:\/\/delphinemarieyoga.com\/\",\"logo\":{\"@type\":\"ImageObject\",\"inLanguage\":\"fr-FR\",\"@id\":\"https:\/\/delphinemarieyoga.com\/#\/schema\/logo\/image\/\",\"url\":\"https:\/\/delphinemarieyoga.com\/wp-content\/uploads\/2018\/01\/Sans-titre.png\",\"contentUrl\":\"https:\/\/delphinemarieyoga.com\/wp-content\/uploads\/2018\/01\/Sans-titre.png\",\"width\":728,\"height\":90,\"caption\":\"Chronique d'une yogi: blog yoga, vid\u00e9os en ligne et cours sur Nice\"},\"image\":{\"@id\":\"https:\/\/delphinemarieyoga.com\/#\/schema\/logo\/image\/\"},\"sameAs\":[\"https:\/\/www.instagram.com\/delphinemarieyoga\/\",\"https:\/\/www.linkedin.com\/in\/marquetdelphine\/\",\"https:\/\/www.youtube.com\/channel\/UC14d6dzG1eiQ7DiQNKCaeMA\",\"https:\/\/www.facebook.com\/delphinemarieyoga\/\"]}]}<\/script>\n<!-- \/ Yoast SEO plugin. -->","yoast_head_json":{"title":"Tarifs - La Yoga Tribe","description":"Les tarifs de mes cours de Yoga en ligne et en pr\u00e9sentiel sur Nice et alentours. Cours de yoga priv\u00e9, collectifs, entreprises et \u00e9v\u00e8nements","robots":{"index":"index","follow":"follow","max-snippet":"max-snippet:-1","max-image-preview":"max-image-preview:large","max-video-preview":"max-video-preview:-1"},"canonical":"https:\/\/delphinemarieyoga.com\/index.php\/cours-de-yoga\/tarifs\/","og_locale":"fr_FR","og_type":"article","og_title":"Tarifs - La Yoga Tribe","og_description":"Les tarifs de mes cours de Yoga en ligne et en pr\u00e9sentiel sur Nice et alentours. Cours de yoga priv\u00e9, collectifs, entreprises et \u00e9v\u00e8nements","og_url":"https:\/\/delphinemarieyoga.com\/index.php\/cours-de-yoga\/tarifs\/","og_site_name":"La Yoga Tribe","article_publisher":"https:\/\/www.facebook.com\/delphinemarieyoga\/","article_modified_time":"2023-08-31T08:41:34+00:00","twitter_card":"summary_large_image","twitter_misc":{"Dur\u00e9e de lecture estim\u00e9e":"1 minute"},"schema":{"@context":"https:\/\/schema.org","@graph":[{"@type":"WebPage","@id":"https:\/\/delphinemarieyoga.com\/index.php\/cours-de-yoga\/tarifs\/","url":"https:\/\/delphinemarieyoga.com\/index.php\/cours-de-yoga\/tarifs\/","name":"Tarifs - La Yoga Tribe","isPartOf":{"@id":"https:\/\/delphinemarieyoga.com\/#website"},"datePublished":"2023-08-31T08:41:32+00:00","dateModified":"2023-08-31T08:41:34+00:00","description":"Les tarifs de mes cours de Yoga en ligne et en pr\u00e9sentiel sur Nice et alentours. Cours de yoga priv\u00e9, collectifs, entreprises et \u00e9v\u00e8nements","breadcrumb":{"@id":"https:\/\/delphinemarieyoga.com\/index.php\/cours-de-yoga\/tarifs\/#breadcrumb"},"inLanguage":"fr-FR","potentialAction":[{"@type":"ReadAction","target":["https:\/\/delphinemarieyoga.com\/index.php\/cours-de-yoga\/tarifs\/"]}]},{"@type":"BreadcrumbList","@id":"https:\/\/delphinemarieyoga.com\/index.php\/cours-de-yoga\/tarifs\/#breadcrumb","itemListElement":[{"@type":"ListItem","position":1,"name":"Accueil","item":"https:\/\/delphinemarieyoga.com\/"},{"@type":"ListItem","position":2,"name":"Cours de Yoga (sur Nice et en ligne)","item":"https:\/\/delphinemarieyoga.com\/index.php\/cours-de-yoga\/"},{"@type":"ListItem","position":3,"name":"Tarifs"}]},{"@type":"WebSite","@id":"https:\/\/delphinemarieyoga.com\/#website","url":"https:\/\/delphinemarieyoga.com\/","name":"La Yoga Tribe","description":"Blog &amp; vid\u00e9os yoga","publisher":{"@id":"https:\/\/delphinemarieyoga.com\/#organization"},"potentialAction":[{"@type":"SearchAction","target":{"@type":"EntryPoint","urlTemplate":"https:\/\/delphinemarieyoga.com\/?s={search_term_string}"},"query-input":"required name=search_term_string"}],"inLanguage":"fr-FR"},{"@type":"Organization","@id":"https:\/\/delphinemarieyoga.com\/#organization","name":"Chronique d'une yogi: blog yoga, vid\u00e9os en ligne et cours sur Nice","url":"https:\/\/delphinemarieyoga.com\/","logo":{"@type":"ImageObject","inLanguage":"fr-FR","@id":"https:\/\/delphinemarieyoga.com\/#\/schema\/logo\/image\/","url":"https:\/\/delphinemarieyoga.com\/wp-content\/uploads\/2018\/01\/Sans-titre.png","contentUrl":"https:\/\/delphinemarieyoga.com\/wp-content\/uploads\/2018\/01\/Sans-titre.png","width":728,"height":90,"caption":"Chronique d'une yogi: blog yoga, vid\u00e9os en ligne et cours sur Nice"},"image":{"@id":"https:\/\/delphinemarieyoga.com\/#\/schema\/logo\/image\/"},"sameAs":["https:\/\/www.instagram.com\/delphinemarieyoga\/","https:\/\/www.linkedin.com\/in\/marquetdelphine\/","https:\/\/www.youtube.com\/channel\/UC14d6dzG1eiQ7DiQNKCaeMA","https:\/\/www.facebook.com\/delphinemarieyoga\/"]}]}},"uagb_featured_image_src":{"full":false,"thumbnail":false,"medium":false,"medium_large":false,"large":false,"1536x1536":false,"2048x2048":false,"woocommerce_thumbnail":false,"woocommerce_single":false,"woocommerce_gallery_thumbnail":false},"uagb_author_info":{"display_name":"Delphine","author_link":"https:\/\/delphinemarieyoga.com\/index.php\/author\/delphine\/"},"uagb_comment_info":0,"uagb_excerpt":"Vous trouverez ci apr\u00e8s les tarifs et conditions des prestations que je vous propose. Pour toute question ou demande de devis, contactez moi directement via le formulaire de contact ou par email sur contact@delphinemarieyoga.com","_links":{"self":[{"href":"https:\/\/delphinemarieyoga.com\/index.php\/wp-json\/wp\/v2\/pages\/23775"}],"collection":[{"href":"https:\/\/delphinemarieyoga.com\/index.php\/wp-json\/wp\/v2\/pages"}],"about":[{"href":"https:\/\/delphinemarieyoga.com\/index.php\/wp-json\/wp\/v2\/types\/page"}],"author":[{"embeddable":true,"href":"https:\/\/delphinemarieyoga.com\/index.php\/wp-json\/wp\/v2\/users\/1"}],"replies":[{"embeddable":true,"href":"https:\/\/delphinemarieyoga.com\/index.php\/wp-json\/wp\/v2\/comments?post=23775"}],"version-history":[{"count":1,"href":"https:\/\/delphinemarieyoga.com\/index.php\/wp-json\/wp\/v2\/pages\/23775\/revisions"}],"predecessor-version":[{"id":23776,"href":"https:\/\/delphinemarieyoga.com\/index.php\/wp-json\/wp\/v2\/pages\/23775\/revisions\/23776"}],"up":[{"embeddable":true,"href":"https:\/\/delphinemarieyoga.com\/index.php\/wp-json\/wp\/v2\/pages\/23772"}],"wp:attachment":[{"href":"https:\/\/delphinemarieyoga.com\/index.php\/wp-json\/wp\/v2\/media?parent=23775"}],"curies":[{"name":"wp","href":"https:\/\/api.w.org\/{rel}","templated":true}]}}