{"id":2271,"date":"2017-09-15T14:47:43","date_gmt":"2017-09-15T12:47:43","guid":{"rendered":"http:\/\/delphinemarieyoga.com\/?page_id=2271"},"modified":"2018-08-01T09:02:56","modified_gmt":"2018-08-01T07:02:56","slug":"video-yoga-dynamique","status":"publish","type":"page","link":"https:\/\/delphinemarieyoga.com\/index.php\/videos-yoga-en-ligne\/video-yoga-dynamique\/","title":{"rendered":"Yoga dynamique"},"content":{"rendered":"<p>Cours gratuits de Yoga dynamique &#8211; niveau d\u00e9butant, interm\u00e9diaire ou avanc\u00e9. Vous trouverez des cours de Yoga Vinyasa ainsi que des cours inspir\u00e9s du Power Yoga.<\/p>\n<p>Une nouvelle vid\u00e9o un vendredi sur 2 \u00e0 14h sur ma cha\u00eene Youtube Delphine Marie Yoga.<\/p>\n<style type=\"text\/css\">a.eg-henryharrison-element-1,a.eg-henryharrison-element-2{-webkit-transition:all .4s linear;   -moz-transition:all .4s linear;   -o-transition:all .4s linear;   -ms-transition:all .4s linear;   transition:all .4s linear}.eg-jimmy-carter-element-11 i:before{margin-left:0px; margin-right:0px}.eg-harding-element-17{letter-spacing:1px}.eg-harding-wrapper .esg-entry-media{overflow:hidden; box-sizing:border-box;   -webkit-box-sizing:border-box;   -moz-box-sizing:border-box;   padding:30px 30px 0px 30px}.eg-harding-wrapper .esg-media-poster{overflow:hidden; border-radius:50%;   -webkit-border-radius:50%;   -moz-border-radius:50%}.eg-ulysses-s-grant-wrapper .esg-entry-media{overflow:hidden; box-sizing:border-box;   -webkit-box-sizing:border-box;   -moz-box-sizing:border-box;   padding:30px 30px 0px 30px}.eg-ulysses-s-grant-wrapper .esg-media-poster{overflow:hidden; border-radius:50%;   -webkit-border-radius:50%;   -moz-border-radius:50%}.eg-richard-nixon-wrapper .esg-entry-media{overflow:hidden; box-sizing:border-box;   -webkit-box-sizing:border-box;   -moz-box-sizing:border-box;   padding:30px 30px 0px 30px}.eg-richard-nixon-wrapper .esg-media-poster{overflow:hidden; border-radius:50%;   -webkit-border-radius:50%;   -moz-border-radius:50%}.eg-herbert-hoover-wrapper .esg-media-poster{filter:url(\"data:image\/svg+xml;utf8,<svg xmlns='http:\/\/www.w3.org\/2000\/svg'><filter id='grayscale'><feColorMatrix type='matrix' values='0.3333 0.3333 0.3333 0 0 0.3333 0.3333 0.3333 0 0 0.3333 0.3333 0.3333 0 0 0 0 0 1 0'\/><\/filter><\/svg>#grayscale\");   filter:gray;   -webkit-filter:grayscale(100%)}.eg-herbert-hoover-wrapper:hover .esg-media-poster{filter:url(\"data:image\/svg+xml;utf8,<svg xmlns='http:\/\/www.w3.org\/2000\/svg'><filter id='grayscale'><feColorMatrix type='matrix' values='1 0 0 0 0,0 1 0 0 0,0 0 1 0 0,0 0 0 1 0'\/><\/filter><\/svg>#grayscale\");  -webkit-filter:grayscale(0%)}.eg-lyndon-johnson-wrapper .esg-media-poster{filter:url(\"data:image\/svg+xml;utf8,<svg xmlns='http:\/\/www.w3.org\/2000\/svg'><filter id='grayscale'><feColorMatrix type='matrix' values='0.3333 0.3333 0.3333 0 0 0.3333 0.3333 0.3333 0 0 0.3333 0.3333 0.3333 0 0 0 0 0 1 0'\/><\/filter><\/svg>#grayscale\");   filter:gray;   -webkit-filter:grayscale(100%)}.eg-lyndon-johnson-wrapper:hover .esg-media-poster{filter:url(\"data:image\/svg+xml;utf8,<svg xmlns='http:\/\/www.w3.org\/2000\/svg'><filter id='grayscale'><feColorMatrix type='matrix' values='1 0 0 0 0,0 1 0 0 0,0 0 1 0 0,0 0 0 1 0'\/><\/filter><\/svg>#grayscale\");  -webkit-filter:grayscale(0%)}.esg-overlay.eg-ronald-reagan-container{background:-moz-linear-gradient(top,rgba(0,0,0,0) 50%,rgba(0,0,0,0.83) 99%,rgba(0,0,0,0.85) 100%); background:-webkit-gradient(linear,left top,left bottom,color-stop(50%,rgba(0,0,0,0)),color-stop(99%,rgba(0,0,0,0.83)),color-stop(100%,rgba(0,0,0,0.85))); background:-webkit-linear-gradient(top,rgba(0,0,0,0) 50%,rgba(0,0,0,0.83) 99%,rgba(0,0,0,0.85) 100%); background:-o-linear-gradient(top,rgba(0,0,0,0) 50%,rgba(0,0,0,0.83) 99%,rgba(0,0,0,0.85) 100%); background:-ms-linear-gradient(top,rgba(0,0,0,0) 50%,rgba(0,0,0,0.83) 99%,rgba(0,0,0,0.85) 100%); background:linear-gradient(to bottom,rgba(0,0,0,0) 50%,rgba(0,0,0,0.83) 99%,rgba(0,0,0,0.85) 100%); filter:progid:DXImageTransform.Microsoft.gradient( startColorstr='#00000000',endColorstr='#d9000000',GradientType=0 )}.eg-georgebush-wrapper .esg-entry-cover{background:-moz-linear-gradient(top,rgba(0,0,0,0) 50%,rgba(0,0,0,0.83) 99%,rgba(0,0,0,0.85) 100%); background:-webkit-gradient(linear,left top,left bottom,color-stop(50%,rgba(0,0,0,0)),color-stop(99%,rgba(0,0,0,0.83)),color-stop(100%,rgba(0,0,0,0.85))); background:-webkit-linear-gradient(top,rgba(0,0,0,0) 50%,rgba(0,0,0,0.83) 99%,rgba(0,0,0,0.85) 100%); background:-o-linear-gradient(top,rgba(0,0,0,0) 50%,rgba(0,0,0,0.83) 99%,rgba(0,0,0,0.85) 100%); background:-ms-linear-gradient(top,rgba(0,0,0,0) 50%,rgba(0,0,0,0.83) 99%,rgba(0,0,0,0.85) 100%); background:linear-gradient(to bottom,rgba(0,0,0,0) 50%,rgba(0,0,0,0.83) 99%,rgba(0,0,0,0.85) 100%); filter:progid:DXImageTransform.Microsoft.gradient( startColorstr='#00000000',endColorstr='#d9000000',GradientType=0 )}.eg-jefferson-wrapper{-webkit-border-radius:5px !important; -moz-border-radius:5px !important; border-radius:5px !important; -webkit-mask-image:url(data:image\/png;base64,iVBORw0KGgoAAAANSUhEUgAAAAEAAAABCAIAAACQd1PeAAAAGXRFWHRTb2Z0d2FyZQBBZG9iZSBJbWFnZVJlYWR5ccllPAAAAA5JREFUeNpiYGBgAAgwAAAEAAGbA+oJAAAAAElFTkSuQmCC) !important}.eg-monroe-element-1{text-shadow:0px 1px 3px rgba(0,0,0,0.1)}.eg-lyndon-johnson-wrapper .esg-entry-cover{background:-moz-radial-gradient(center,ellipse cover,rgba(0,0,0,0.35) 0%,rgba(18,18,18,0) 96%,rgba(19,19,19,0) 100%); background:-webkit-gradient(radial,center center,0px,center center,100%,color-stop(0%,rgba(0,0,0,0.35)),color-stop(96%,rgba(18,18,18,0)),color-stop(100%,rgba(19,19,19,0))); background:-webkit-radial-gradient(center,ellipse cover,rgba(0,0,0,0.35) 0%,rgba(18,18,18,0) 96%,rgba(19,19,19,0) 100%); background:-o-radial-gradient(center,ellipse cover,rgba(0,0,0,0.35) 0%,rgba(18,18,18,0) 96%,rgba(19,19,19,0) 100%); background:-ms-radial-gradient(center,ellipse cover,rgba(0,0,0,0.35) 0%,rgba(18,18,18,0) 96%,rgba(19,19,19,0) 100%); background:radial-gradient(ellipse at center,rgba(0,0,0,0.35) 0%,rgba(18,18,18,0) 96%,rgba(19,19,19,0) 100%); filter:progid:DXImageTransform.Microsoft.gradient( startColorstr='#59000000',endColorstr='#00131313',GradientType=1 )}.eg-wilbert-wrapper .esg-entry-cover{background:-moz-radial-gradient(center,ellipse cover,rgba(0,0,0,0.35) 0%,rgba(18,18,18,0) 96%,rgba(19,19,19,0) 100%); background:-webkit-gradient(radial,center center,0px,center center,100%,color-stop(0%,rgba(0,0,0,0.35)),color-stop(96%,rgba(18,18,18,0)),color-stop(100%,rgba(19,19,19,0))); background:-webkit-radial-gradient(center,ellipse cover,rgba(0,0,0,0.35) 0%,rgba(18,18,18,0) 96%,rgba(19,19,19,0) 100%); background:-o-radial-gradient(center,ellipse cover,rgba(0,0,0,0.35) 0%,rgba(18,18,18,0) 96%,rgba(19,19,19,0) 100%); background:-ms-radial-gradient(center,ellipse cover,rgba(0,0,0,0.35) 0%,rgba(18,18,18,0) 96%,rgba(19,19,19,0) 100%); background:radial-gradient(ellipse at center,rgba(0,0,0,0.35) 0%,rgba(18,18,18,0) 96%,rgba(19,19,19,0) 100%); filter:progid:DXImageTransform.Microsoft.gradient( startColorstr='#59000000',endColorstr='#00131313',GradientType=1 )}.eg-wilbert-wrapper .esg-media-poster{-webkit-transition:0.4s ease-in-out;  -moz-transition:0.4s ease-in-out;  -o-transition:0.4s ease-in-out;  transition:0.4s ease-in-out;  filter:url(\"data:image\/svg+xml;utf8,<svg xmlns='http:\/\/www.w3.org\/2000\/svg'><filter id='grayscale'><feColorMatrix type='matrix' values='0.3333 0.3333 0.3333 0 0 0.3333 0.3333 0.3333 0 0 0.3333 0.3333 0.3333 0 0 0 0 0 1 0'\/><\/filter><\/svg>#grayscale\");   filter:gray;   -webkit-filter:grayscale(100%)}.eg-wilbert-wrapper:hover .esg-media-poster{filter:url(\"data:image\/svg+xml;utf8,<svg xmlns='http:\/\/www.w3.org\/2000\/svg'><filter id='grayscale'><feColorMatrix type='matrix' values='1 0 0 0 0,0 1 0 0 0,0 0 1 0 0,0 0 0 1 0'\/><\/filter><\/svg>#grayscale\");  -webkit-filter:grayscale(0%)}.eg-phillie-element-3:after{content:\" \";width:0px;height:0px;border-style:solid;border-width:5px 5px 0 5px;border-color:#000 transparent transparent transparent;left:50%;margin-left:-5px; bottom:-5px; position:absolute}.eg-howardtaft-wrapper .esg-media-poster,.eg-howardtaft-wrapper .esg-media-poster{filter:url(\"data:image\/svg+xml;utf8,<svg xmlns='http:\/\/www.w3.org\/2000\/svg'><filter id='grayscale'><feColorMatrix type='matrix' values='1 0 0 0 0,0 1 0 0 0,0 0 1 0 0,0 0 0 1 0'\/><\/filter><\/svg>#grayscale\");  -webkit-filter:grayscale(0%)}.eg-howardtaft-wrapper:hover .esg-media-poster,.eg-howardtaft-wrapper:hover .esg-media-poster{filter:url(\"data:image\/svg+xml;utf8,<svg xmlns='http:\/\/www.w3.org\/2000\/svg'><filter id='grayscale'><feColorMatrix type='matrix' values='0.3333 0.3333 0.3333 0 0 0.3333 0.3333 0.3333 0 0 0.3333 0.3333 0.3333 0 0 0 0 0 1 0'\/><\/filter><\/svg>#grayscale\");   filter:gray;   -webkit-filter:grayscale(100%)}.myportfolio-container .added_to_cart.wc-forward{font-family:\"Open Sans\"; font-size:13px; color:#fff; margin-top:10px}.esgbox-title.esgbox-title-outside-wrap{font-size:15px; font-weight:700; text-align:center}.esgbox-title.esgbox-title-inside-wrap{padding-bottom:10px; font-size:15px; font-weight:700; text-align:center}.esg-content.eg-twitterstream-element-33-a{display:inline-block}.eg-twitterstream-element-35{word-break:break-all}.esg-overlay.eg-twitterstream-container{background:-moz-linear-gradient(top,rgba(0,0,0,0) 50%,rgba(0,0,0,0.83) 99%,rgba(0,0,0,0.85) 100%); background:-webkit-gradient(linear,left top,left bottom,color-stop(50%,rgba(0,0,0,0)),color-stop(99%,rgba(0,0,0,0.83)),color-stop(100%,rgba(0,0,0,0.85))); background:-webkit-linear-gradient(top,rgba(0,0,0,0) 50%,rgba(0,0,0,0.83) 99%,rgba(0,0,0,0.85) 100%); background:-o-linear-gradient(top,rgba(0,0,0,0) 50%,rgba(0,0,0,0.83) 99%,rgba(0,0,0,0.85) 100%); background:-ms-linear-gradient(top,rgba(0,0,0,0) 50%,rgba(0,0,0,0.83) 99%,rgba(0,0,0,0.85) 100%); background:linear-gradient(to bottom,rgba(0,0,0,0) 50%,rgba(0,0,0,0.83) 99%,rgba(0,0,0,0.85) 100%); filter:progid:DXImageTransform.Microsoft.gradient( startColorstr='#00000000',endColorstr='#d9000000',GradientType=0 )}.esg-content.eg-facebookstream-element-33-a{display:inline-block}.eg-facebookstream-element-0{word-break:break-all}.esg-overlay.eg-flickrstream-container{background:-moz-linear-gradient(top,rgba(0,0,0,0) 50%,rgba(0,0,0,0.83) 99%,rgba(0,0,0,0.85) 100%); background:-webkit-gradient(linear,left top,left bottom,color-stop(50%,rgba(0,0,0,0)),color-stop(99%,rgba(0,0,0,0.83)),color-stop(100%,rgba(0,0,0,0.85))); background:-webkit-linear-gradient(top,rgba(0,0,0,0) 50%,rgba(0,0,0,0.83) 99%,rgba(0,0,0,0.85) 100%); background:-o-linear-gradient(top,rgba(0,0,0,0) 50%,rgba(0,0,0,0.83) 99%,rgba(0,0,0,0.85) 100%); background:-ms-linear-gradient(top,rgba(0,0,0,0) 50%,rgba(0,0,0,0.83) 99%,rgba(0,0,0,0.85) 100%); background:linear-gradient(to bottom,rgba(0,0,0,0) 50%,rgba(0,0,0,0.83) 99%,rgba(0,0,0,0.85) 100%); filter:progid:DXImageTransform.Microsoft.gradient( startColorstr='#00000000',endColorstr='#d9000000',GradientType=0 )}.eg-pat-lafontaine-wrapper .eg-pat-lafontaine-element-1{width:100%; height:100%; font-size:0; transition:all 0.3s ease}.eg-pat-lafontaine-wrapper:hover .eg-pat-lafontaine-element-1{box-shadow:inset 0px 0px 0px 0px}.eg-pat-lafontaine-wrapper .eg-pat-lafontaine-element-2{transition:all 0.3s ease}.eg-pat-lafontaine-wrapper:hover .eg-pat-lafontaine-element-2{transform:translateY(-100px)}.eg-pat-lafontaine-wrapper .eg-pat-lafontaine-element-3-a{z-index:3}.eg-pat-lafontaine-wrapper .eg-pat-lafontaine-element-3{transition:all 0.3s ease}.eg-pat-lafontaine-wrapper:hover .eg-pat-lafontaine-element-3{background:#fff; color:#000}.eg-pat-lafontaine-wrapper .esg-entry-media{transition:all 0.3s ease}.eg-pat-lafontaine-wrapper:hover .esg-entry-media{transform:scale(1.1)}.eg-pat-lafontaine-wrapper .eg-pat-lafontaine-element-1{width:100%; height:100%; font-size:0; transition:all 0.3s ease}.eg-pat-lafontaine-wrapper:hover .eg-pat-lafontaine-element-1{box-shadow:inset 0px 0px 0px 0px}.eg-pat-lafontaine-wrapper .eg-pat-lafontaine-element-2{transition:all 0.3s ease}.eg-pat-lafontaine-wrapper:hover .eg-pat-lafontaine-element-2{transform:translateY(-100px)}.eg-pat-lafontaine-wrapper .eg-pat-lafontaine-element-3-a{z-index:3}.eg-pat-lafontaine-wrapper .eg-pat-lafontaine-element-3{transition:all 0.3s ease}.eg-pat-lafontaine-wrapper:hover .eg-pat-lafontaine-element-3{background:#fff; color:#000}.eg-pat-lafontaine-wrapper .esg-entry-media{transition:all 0.3s ease}.eg-pat-lafontaine-wrapper:hover .esg-entry-media{transform:scale(1.1)}.eg-pat-lafontaine-wrapper .eg-pat-lafontaine-element-1{width:100%; height:100%; font-size:0; transition:all 0.3s ease}.eg-pat-lafontaine-wrapper:hover .eg-pat-lafontaine-element-1{box-shadow:inset 0px 0px 0px 0px}.eg-pat-lafontaine-wrapper .eg-pat-lafontaine-element-2{transition:all 0.3s ease}.eg-pat-lafontaine-wrapper:hover .eg-pat-lafontaine-element-2{transform:translateY(-100px)}.eg-pat-lafontaine-wrapper .eg-pat-lafontaine-element-3-a{z-index:3}.eg-pat-lafontaine-wrapper .eg-pat-lafontaine-element-3{transition:all 0.3s ease}.eg-pat-lafontaine-wrapper:hover .eg-pat-lafontaine-element-3{background:#fff; color:#000}.eg-pat-lafontaine-wrapper .esg-entry-media{transition:all 0.3s ease}.eg-pat-lafontaine-wrapper:hover .esg-entry-media{transform:scale(1.1)}.esg-entry-skin-clark-gillies .esg-overflowtrick{overflow:visible !important}<\/style>\n\n","protected":false},"excerpt":{"rendered":"<p>Cours gratuits de Yoga dynamique &#8211; niveau d\u00e9butant, interm\u00e9diaire ou avanc\u00e9. Vous trouverez des cours de Yoga Vinyasa ainsi que des cours inspir\u00e9s du Power Yoga. Une nouvelle vid\u00e9o un vendredi sur 2 \u00e0 14h sur ma cha\u00eene Youtube Delphine Marie Yoga.<\/p>\n","protected":false},"author":1,"featured_media":0,"parent":2282,"menu_order":1,"comment_status":"closed","ping_status":"closed","template":"page-fullwidth.php","meta":{"_uag_custom_page_level_css":"","site-sidebar-layout":"default","site-content-layout":"default","ast-global-header-display":"","ast-main-header-display":"","ast-hfb-above-header-display":"","ast-hfb-below-header-display":"","ast-hfb-mobile-header-display":"","site-post-title":"","ast-breadcrumbs-content":"","ast-featured-img":"","footer-sml-layout":"","theme-transparent-header-meta":"","adv-header-id-meta":"","stick-header-meta":"","header-above-stick-meta":"","header-main-stick-meta":"","header-below-stick-meta":""},"yoast_head":"<!-- This site is optimized with the Yoast SEO plugin v19.10 - https:\/\/yoast.com\/wordpress\/plugins\/seo\/ -->\n<title>Yoga dynamique - La Yoga Tribe<\/title>\n<meta name=\"description\" content=\"Cours gratuits de Yoga dynamique: une nouvelle vid\u00e9o tous les 15 jours sur ma cha\u00eene Youtube Delphine Marie Yoga. Abonnez-vous!\" \/>\n<meta name=\"robots\" content=\"index, follow, max-snippet:-1, max-image-preview:large, max-video-preview:-1\" \/>\n<link rel=\"canonical\" href=\"https:\/\/delphinemarieyoga.com\/index.php\/accueil__trashed\/videos-yoga-en-ligne\/video-yoga-dynamique\/\" \/>\n<meta property=\"og:locale\" content=\"fr_FR\" \/>\n<meta property=\"og:type\" content=\"article\" \/>\n<meta property=\"og:title\" content=\"Yoga dynamique - La Yoga Tribe\" \/>\n<meta property=\"og:description\" content=\"Cours gratuits de Yoga dynamique: une nouvelle vid\u00e9o tous les 15 jours sur ma cha\u00eene Youtube Delphine Marie Yoga. Abonnez-vous!\" \/>\n<meta property=\"og:url\" content=\"https:\/\/delphinemarieyoga.com\/index.php\/accueil__trashed\/videos-yoga-en-ligne\/video-yoga-dynamique\/\" \/>\n<meta property=\"og:site_name\" content=\"La Yoga Tribe\" \/>\n<meta property=\"article:publisher\" content=\"https:\/\/www.facebook.com\/delphinemarieyoga\/\" \/>\n<meta property=\"article:modified_time\" content=\"2018-08-01T07:02:56+00:00\" \/>\n<meta name=\"twitter:card\" content=\"summary_large_image\" \/>\n<script type=\"application\/ld+json\" class=\"yoast-schema-graph\">{\"@context\":\"https:\/\/schema.org\",\"@graph\":[{\"@type\":\"WebPage\",\"@id\":\"https:\/\/delphinemarieyoga.com\/index.php\/accueil__trashed\/videos-yoga-en-ligne\/video-yoga-dynamique\/\",\"url\":\"https:\/\/delphinemarieyoga.com\/index.php\/accueil__trashed\/videos-yoga-en-ligne\/video-yoga-dynamique\/\",\"name\":\"Yoga dynamique - La Yoga Tribe\",\"isPartOf\":{\"@id\":\"https:\/\/delphinemarieyoga.com\/#website\"},\"datePublished\":\"2017-09-15T12:47:43+00:00\",\"dateModified\":\"2018-08-01T07:02:56+00:00\",\"description\":\"Cours gratuits de Yoga dynamique: une nouvelle vid\u00e9o tous les 15 jours sur ma cha\u00eene Youtube Delphine Marie Yoga. Abonnez-vous!\",\"breadcrumb\":{\"@id\":\"https:\/\/delphinemarieyoga.com\/index.php\/accueil__trashed\/videos-yoga-en-ligne\/video-yoga-dynamique\/#breadcrumb\"},\"inLanguage\":\"fr-FR\",\"potentialAction\":[{\"@type\":\"ReadAction\",\"target\":[\"https:\/\/delphinemarieyoga.com\/index.php\/accueil__trashed\/videos-yoga-en-ligne\/video-yoga-dynamique\/\"]}]},{\"@type\":\"BreadcrumbList\",\"@id\":\"https:\/\/delphinemarieyoga.com\/index.php\/accueil__trashed\/videos-yoga-en-ligne\/video-yoga-dynamique\/#breadcrumb\",\"itemListElement\":[{\"@type\":\"ListItem\",\"position\":1,\"name\":\"Accueil\",\"item\":\"https:\/\/delphinemarieyoga.com\/\"},{\"@type\":\"ListItem\",\"position\":2,\"name\":\"Vid\u00e9os\",\"item\":\"https:\/\/delphinemarieyoga.com\/index.php\/accueil__trashed\/videos-yoga-en-ligne\/\"},{\"@type\":\"ListItem\",\"position\":3,\"name\":\"Yoga dynamique\"}]},{\"@type\":\"WebSite\",\"@id\":\"https:\/\/delphinemarieyoga.com\/#website\",\"url\":\"https:\/\/delphinemarieyoga.com\/\",\"name\":\"La Yoga Tribe\",\"description\":\"Blog &amp; vid\u00e9os yoga\",\"publisher\":{\"@id\":\"https:\/\/delphinemarieyoga.com\/#organization\"},\"potentialAction\":[{\"@type\":\"SearchAction\",\"target\":{\"@type\":\"EntryPoint\",\"urlTemplate\":\"https:\/\/delphinemarieyoga.com\/?s={search_term_string}\"},\"query-input\":\"required name=search_term_string\"}],\"inLanguage\":\"fr-FR\"},{\"@type\":\"Organization\",\"@id\":\"https:\/\/delphinemarieyoga.com\/#organization\",\"name\":\"Chronique d'une yogi: blog yoga, vid\u00e9os en ligne et cours sur Nice\",\"url\":\"https:\/\/delphinemarieyoga.com\/\",\"logo\":{\"@type\":\"ImageObject\",\"inLanguage\":\"fr-FR\",\"@id\":\"https:\/\/delphinemarieyoga.com\/#\/schema\/logo\/image\/\",\"url\":\"https:\/\/delphinemarieyoga.com\/wp-content\/uploads\/2018\/01\/Sans-titre.png\",\"contentUrl\":\"https:\/\/delphinemarieyoga.com\/wp-content\/uploads\/2018\/01\/Sans-titre.png\",\"width\":728,\"height\":90,\"caption\":\"Chronique d'une yogi: blog yoga, vid\u00e9os en ligne et cours sur Nice\"},\"image\":{\"@id\":\"https:\/\/delphinemarieyoga.com\/#\/schema\/logo\/image\/\"},\"sameAs\":[\"https:\/\/www.instagram.com\/delphinemarieyoga\/\",\"https:\/\/www.linkedin.com\/in\/marquetdelphine\/\",\"https:\/\/www.youtube.com\/channel\/UC14d6dzG1eiQ7DiQNKCaeMA\",\"https:\/\/www.facebook.com\/delphinemarieyoga\/\"]}]}<\/script>\n<!-- \/ Yoast SEO plugin. -->","yoast_head_json":{"title":"Yoga dynamique - La Yoga Tribe","description":"Cours gratuits de Yoga dynamique: une nouvelle vid\u00e9o tous les 15 jours sur ma cha\u00eene Youtube Delphine Marie Yoga. Abonnez-vous!","robots":{"index":"index","follow":"follow","max-snippet":"max-snippet:-1","max-image-preview":"max-image-preview:large","max-video-preview":"max-video-preview:-1"},"canonical":"https:\/\/delphinemarieyoga.com\/index.php\/accueil__trashed\/videos-yoga-en-ligne\/video-yoga-dynamique\/","og_locale":"fr_FR","og_type":"article","og_title":"Yoga dynamique - La Yoga Tribe","og_description":"Cours gratuits de Yoga dynamique: une nouvelle vid\u00e9o tous les 15 jours sur ma cha\u00eene Youtube Delphine Marie Yoga. Abonnez-vous!","og_url":"https:\/\/delphinemarieyoga.com\/index.php\/accueil__trashed\/videos-yoga-en-ligne\/video-yoga-dynamique\/","og_site_name":"La Yoga Tribe","article_publisher":"https:\/\/www.facebook.com\/delphinemarieyoga\/","article_modified_time":"2018-08-01T07:02:56+00:00","twitter_card":"summary_large_image","schema":{"@context":"https:\/\/schema.org","@graph":[{"@type":"WebPage","@id":"https:\/\/delphinemarieyoga.com\/index.php\/accueil__trashed\/videos-yoga-en-ligne\/video-yoga-dynamique\/","url":"https:\/\/delphinemarieyoga.com\/index.php\/accueil__trashed\/videos-yoga-en-ligne\/video-yoga-dynamique\/","name":"Yoga dynamique - La Yoga Tribe","isPartOf":{"@id":"https:\/\/delphinemarieyoga.com\/#website"},"datePublished":"2017-09-15T12:47:43+00:00","dateModified":"2018-08-01T07:02:56+00:00","description":"Cours gratuits de Yoga dynamique: une nouvelle vid\u00e9o tous les 15 jours sur ma cha\u00eene Youtube Delphine Marie Yoga. Abonnez-vous!","breadcrumb":{"@id":"https:\/\/delphinemarieyoga.com\/index.php\/accueil__trashed\/videos-yoga-en-ligne\/video-yoga-dynamique\/#breadcrumb"},"inLanguage":"fr-FR","potentialAction":[{"@type":"ReadAction","target":["https:\/\/delphinemarieyoga.com\/index.php\/accueil__trashed\/videos-yoga-en-ligne\/video-yoga-dynamique\/"]}]},{"@type":"BreadcrumbList","@id":"https:\/\/delphinemarieyoga.com\/index.php\/accueil__trashed\/videos-yoga-en-ligne\/video-yoga-dynamique\/#breadcrumb","itemListElement":[{"@type":"ListItem","position":1,"name":"Accueil","item":"https:\/\/delphinemarieyoga.com\/"},{"@type":"ListItem","position":2,"name":"Vid\u00e9os","item":"https:\/\/delphinemarieyoga.com\/index.php\/accueil__trashed\/videos-yoga-en-ligne\/"},{"@type":"ListItem","position":3,"name":"Yoga dynamique"}]},{"@type":"WebSite","@id":"https:\/\/delphinemarieyoga.com\/#website","url":"https:\/\/delphinemarieyoga.com\/","name":"La Yoga Tribe","description":"Blog &amp; vid\u00e9os yoga","publisher":{"@id":"https:\/\/delphinemarieyoga.com\/#organization"},"potentialAction":[{"@type":"SearchAction","target":{"@type":"EntryPoint","urlTemplate":"https:\/\/delphinemarieyoga.com\/?s={search_term_string}"},"query-input":"required name=search_term_string"}],"inLanguage":"fr-FR"},{"@type":"Organization","@id":"https:\/\/delphinemarieyoga.com\/#organization","name":"Chronique d'une yogi: blog yoga, vid\u00e9os en ligne et cours sur Nice","url":"https:\/\/delphinemarieyoga.com\/","logo":{"@type":"ImageObject","inLanguage":"fr-FR","@id":"https:\/\/delphinemarieyoga.com\/#\/schema\/logo\/image\/","url":"https:\/\/delphinemarieyoga.com\/wp-content\/uploads\/2018\/01\/Sans-titre.png","contentUrl":"https:\/\/delphinemarieyoga.com\/wp-content\/uploads\/2018\/01\/Sans-titre.png","width":728,"height":90,"caption":"Chronique d'une yogi: blog yoga, vid\u00e9os en ligne et cours sur Nice"},"image":{"@id":"https:\/\/delphinemarieyoga.com\/#\/schema\/logo\/image\/"},"sameAs":["https:\/\/www.instagram.com\/delphinemarieyoga\/","https:\/\/www.linkedin.com\/in\/marquetdelphine\/","https:\/\/www.youtube.com\/channel\/UC14d6dzG1eiQ7DiQNKCaeMA","https:\/\/www.facebook.com\/delphinemarieyoga\/"]}]}},"uagb_featured_image_src":{"full":false,"thumbnail":false,"medium":false,"medium_large":false,"large":false,"1536x1536":false,"2048x2048":false,"woocommerce_thumbnail":false,"woocommerce_single":false,"woocommerce_gallery_thumbnail":false},"uagb_author_info":{"display_name":"Delphine","author_link":"https:\/\/delphinemarieyoga.com\/index.php\/author\/delphine\/"},"uagb_comment_info":0,"uagb_excerpt":"Cours gratuits de Yoga dynamique &#8211; niveau d\u00e9butant, interm\u00e9diaire ou avanc\u00e9. Vous trouverez des cours de Yoga Vinyasa ainsi que des cours inspir\u00e9s du Power Yoga. Une nouvelle vid\u00e9o un vendredi sur 2 \u00e0 14h sur ma cha\u00eene Youtube Delphine Marie Yoga.","_links":{"self":[{"href":"https:\/\/delphinemarieyoga.com\/index.php\/wp-json\/wp\/v2\/pages\/2271"}],"collection":[{"href":"https:\/\/delphinemarieyoga.com\/index.php\/wp-json\/wp\/v2\/pages"}],"about":[{"href":"https:\/\/delphinemarieyoga.com\/index.php\/wp-json\/wp\/v2\/types\/page"}],"author":[{"embeddable":true,"href":"https:\/\/delphinemarieyoga.com\/index.php\/wp-json\/wp\/v2\/users\/1"}],"replies":[{"embeddable":true,"href":"https:\/\/delphinemarieyoga.com\/index.php\/wp-json\/wp\/v2\/comments?post=2271"}],"version-history":[{"count":2,"href":"https:\/\/delphinemarieyoga.com\/index.php\/wp-json\/wp\/v2\/pages\/2271\/revisions"}],"predecessor-version":[{"id":2366,"href":"https:\/\/delphinemarieyoga.com\/index.php\/wp-json\/wp\/v2\/pages\/2271\/revisions\/2366"}],"up":[{"embeddable":true,"href":"https:\/\/delphinemarieyoga.com\/index.php\/wp-json\/wp\/v2\/pages\/2282"}],"wp:attachment":[{"href":"https:\/\/delphinemarieyoga.com\/index.php\/wp-json\/wp\/v2\/media?parent=2271"}],"curies":[{"name":"wp","href":"https:\/\/api.w.org\/{rel}","templated":true}]}}