{"id":126,"date":"2016-09-24T10:21:22","date_gmt":"2016-09-24T08:21:22","guid":{"rendered":"http:\/\/163.172.218.174\/?page_id=126"},"modified":"2023-04-07T09:25:26","modified_gmt":"2023-04-07T07:25:26","slug":"contact","status":"publish","type":"page","link":"https:\/\/delphinemarieyoga.com\/index.php\/home\/contact\/","title":{"rendered":"Contact"},"content":{"rendered":"<p>Pour toute question ou r\u00e9servation de cours,&nbsp;vous pouvez me contacter par email ou via le formulaire ci-dessous. Je me d\u00e9place \u00e0 domicile, en ext\u00e9rieur ou sur votre lieu de travail sur Nice et de Monaco \u00e0 Cannes.<\/p>\n<p>E: <a href=\"mailto:contact@delphinemarieyoga.com\">delphinemarieyoga@gmail.com<\/a><\/p>\n<div role=\"form\" class=\"wpcf7\" id=\"wpcf7-f54-o1\" lang=\"fr-FR\" dir=\"ltr\">\n<div class=\"screen-reader-response\"><p role=\"status\" aria-live=\"polite\" aria-atomic=\"true\"><\/p> <ul><\/ul><\/div>\n<form action=\"\/index.php\/wp-json\/wp\/v2\/pages\/126#wpcf7-f54-o1\" method=\"post\" class=\"wpcf7-form init\" novalidate=\"novalidate\" data-status=\"init\">\n<div style=\"display: none;\">\n<input type=\"hidden\" name=\"_wpcf7\" value=\"54\" \/>\n<input type=\"hidden\" name=\"_wpcf7_version\" value=\"5.6.4\" \/>\n<input type=\"hidden\" name=\"_wpcf7_locale\" value=\"fr_FR\" \/>\n<input type=\"hidden\" name=\"_wpcf7_unit_tag\" value=\"wpcf7-f54-o1\" \/>\n<input type=\"hidden\" name=\"_wpcf7_container_post\" value=\"0\" \/>\n<input type=\"hidden\" name=\"_wpcf7_posted_data_hash\" value=\"\" \/>\n<\/div>\n<p><label> Votre nom (obligatoire)<br \/>\n    <span class=\"wpcf7-form-control-wrap\" data-name=\"your-name\"><input type=\"text\" name=\"your-name\" value=\"\" size=\"40\" class=\"wpcf7-form-control wpcf7-text wpcf7-validates-as-required\" aria-required=\"true\" aria-invalid=\"false\" \/><\/span> <\/label><\/p>\n<p><label> Votre e-mail (obligatoire)<br \/>\n    <span class=\"wpcf7-form-control-wrap\" data-name=\"your-email\"><input type=\"email\" name=\"your-email\" value=\"\" size=\"40\" class=\"wpcf7-form-control wpcf7-text wpcf7-email wpcf7-validates-as-required wpcf7-validates-as-email\" aria-required=\"true\" aria-invalid=\"false\" \/><\/span> <\/label><\/p>\n<p><label> Votre num\u00e9ro de t\u00e9l\u00e9phone<br \/>\n    <span class=\"wpcf7-form-control-wrap\" data-name=\"Telephone-741\"><input type=\"tel\" name=\"Telephone-741\" value=\"\" size=\"40\" class=\"wpcf7-form-control wpcf7-text wpcf7-tel wpcf7-validates-as-tel\" aria-invalid=\"false\" \/><\/span> <\/label><\/p>\n<p><label> Sujet<br \/>\n    <span class=\"wpcf7-form-control-wrap\" data-name=\"your-subject\"><input type=\"text\" name=\"your-subject\" value=\"\" size=\"40\" class=\"wpcf7-form-control wpcf7-text\" aria-invalid=\"false\" \/><\/span> <\/label><\/p>\n<p><label> Votre message<br \/>\n    <span class=\"wpcf7-form-control-wrap\" data-name=\"your-message\"><textarea name=\"your-message\" cols=\"40\" rows=\"10\" class=\"wpcf7-form-control wpcf7-textarea\" aria-invalid=\"false\"><\/textarea><\/span> <\/label><\/p>\n<p><input type=\"submit\" value=\"Envoyer\" class=\"wpcf7-form-control has-spinner wpcf7-submit\" \/><\/p>\n<p><div id=\"cf7sr-69fcc21a9de22\" class=\"cf7sr-g-recaptcha\" data-theme=\"light\" data-type=\"image\" data-size=\"normal\" data-sitekey=\"6LfHTmglAAAAANxhsmdmhl2i8keaggPIDIKvTs5p\"><\/div><span class=\"wpcf7-form-control-wrap cf7sr-recaptcha\" data-name=\"cf7sr-recaptcha\"><input type=\"hidden\" name=\"cf7sr-recaptcha\" value=\"\" class=\"wpcf7-form-control\"><\/span><\/p>\n<div class=\"wpcf7-response-output\" aria-hidden=\"true\"><\/div><\/form><\/div>\n","protected":false},"excerpt":{"rendered":"<p>Pour toute question ou r\u00e9servation de cours,&nbsp;vous pouvez me contacter par email ou via le formulaire ci-dessous. Je me d\u00e9place \u00e0 domicile, en ext\u00e9rieur ou sur votre lieu de travail sur Nice et de Monaco \u00e0 Cannes. E: delphinemarieyoga@gmail.com<\/p>\n","protected":false},"author":1,"featured_media":0,"parent":5,"menu_order":5,"comment_status":"closed","ping_status":"closed","template":"","meta":{"_uag_custom_page_level_css":"","site-sidebar-layout":"default","site-content-layout":"default","ast-global-header-display":"","ast-main-header-display":"","ast-hfb-above-header-display":"","ast-hfb-below-header-display":"","ast-hfb-mobile-header-display":"","site-post-title":"","ast-breadcrumbs-content":"","ast-featured-img":"","footer-sml-layout":"","theme-transparent-header-meta":"","adv-header-id-meta":"","stick-header-meta":"","header-above-stick-meta":"","header-main-stick-meta":"","header-below-stick-meta":""},"yoast_head":"<!-- This site is optimized with the Yoast SEO plugin v19.10 - https:\/\/yoast.com\/wordpress\/plugins\/seo\/ -->\n<title>Contact - La Yoga Tribe<\/title>\n<meta name=\"description\" content=\"Pour toute question, demande de devis ou r\u00e9servation, vous pouvez me contacter par email ou via le formulaire de contact ci-dessous.\" \/>\n<meta name=\"robots\" content=\"index, follow, max-snippet:-1, max-image-preview:large, max-video-preview:-1\" \/>\n<link rel=\"canonical\" href=\"https:\/\/delphinemarieyoga.com\/index.php\/home\/contact\/\" \/>\n<meta property=\"og:locale\" content=\"fr_FR\" \/>\n<meta property=\"og:type\" content=\"article\" \/>\n<meta property=\"og:title\" content=\"Contact - La Yoga Tribe\" \/>\n<meta property=\"og:description\" content=\"Pour toute question, demande de devis ou r\u00e9servation, vous pouvez me contacter par email ou via le formulaire de contact ci-dessous.\" \/>\n<meta property=\"og:url\" content=\"https:\/\/delphinemarieyoga.com\/index.php\/home\/contact\/\" \/>\n<meta property=\"og:site_name\" content=\"La Yoga Tribe\" \/>\n<meta property=\"article:publisher\" content=\"https:\/\/www.facebook.com\/delphinemarieyoga\/\" \/>\n<meta property=\"article:modified_time\" content=\"2023-04-07T07:25:26+00:00\" \/>\n<meta name=\"twitter:card\" content=\"summary_large_image\" \/>\n<meta name=\"twitter:label1\" content=\"Dur\u00e9e de lecture estim\u00e9e\" \/>\n\t<meta name=\"twitter:data1\" content=\"1 minute\" \/>\n<script type=\"application\/ld+json\" class=\"yoast-schema-graph\">{\"@context\":\"https:\/\/schema.org\",\"@graph\":[{\"@type\":\"WebPage\",\"@id\":\"https:\/\/delphinemarieyoga.com\/index.php\/home\/contact\/\",\"url\":\"https:\/\/delphinemarieyoga.com\/index.php\/home\/contact\/\",\"name\":\"Contact - La Yoga Tribe\",\"isPartOf\":{\"@id\":\"https:\/\/delphinemarieyoga.com\/#website\"},\"datePublished\":\"2016-09-24T08:21:22+00:00\",\"dateModified\":\"2023-04-07T07:25:26+00:00\",\"description\":\"Pour toute question, demande de devis ou r\u00e9servation, vous pouvez me contacter par email ou via le formulaire de contact ci-dessous.\",\"breadcrumb\":{\"@id\":\"https:\/\/delphinemarieyoga.com\/index.php\/home\/contact\/#breadcrumb\"},\"inLanguage\":\"fr-FR\",\"potentialAction\":[{\"@type\":\"ReadAction\",\"target\":[\"https:\/\/delphinemarieyoga.com\/index.php\/home\/contact\/\"]}]},{\"@type\":\"BreadcrumbList\",\"@id\":\"https:\/\/delphinemarieyoga.com\/index.php\/home\/contact\/#breadcrumb\",\"itemListElement\":[{\"@type\":\"ListItem\",\"position\":1,\"name\":\"Accueil\",\"item\":\"https:\/\/delphinemarieyoga.com\/\"},{\"@type\":\"ListItem\",\"position\":2,\"name\":\"Home\",\"item\":\"https:\/\/delphinemarieyoga.com\/\"},{\"@type\":\"ListItem\",\"position\":3,\"name\":\"Contact\"}]},{\"@type\":\"WebSite\",\"@id\":\"https:\/\/delphinemarieyoga.com\/#website\",\"url\":\"https:\/\/delphinemarieyoga.com\/\",\"name\":\"La Yoga Tribe\",\"description\":\"Blog &amp; vid\u00e9os yoga\",\"publisher\":{\"@id\":\"https:\/\/delphinemarieyoga.com\/#organization\"},\"potentialAction\":[{\"@type\":\"SearchAction\",\"target\":{\"@type\":\"EntryPoint\",\"urlTemplate\":\"https:\/\/delphinemarieyoga.com\/?s={search_term_string}\"},\"query-input\":\"required name=search_term_string\"}],\"inLanguage\":\"fr-FR\"},{\"@type\":\"Organization\",\"@id\":\"https:\/\/delphinemarieyoga.com\/#organization\",\"name\":\"Chronique d'une yogi: blog yoga, vid\u00e9os en ligne et cours sur Nice\",\"url\":\"https:\/\/delphinemarieyoga.com\/\",\"logo\":{\"@type\":\"ImageObject\",\"inLanguage\":\"fr-FR\",\"@id\":\"https:\/\/delphinemarieyoga.com\/#\/schema\/logo\/image\/\",\"url\":\"https:\/\/delphinemarieyoga.com\/wp-content\/uploads\/2018\/01\/Sans-titre.png\",\"contentUrl\":\"https:\/\/delphinemarieyoga.com\/wp-content\/uploads\/2018\/01\/Sans-titre.png\",\"width\":728,\"height\":90,\"caption\":\"Chronique d'une yogi: blog yoga, vid\u00e9os en ligne et cours sur Nice\"},\"image\":{\"@id\":\"https:\/\/delphinemarieyoga.com\/#\/schema\/logo\/image\/\"},\"sameAs\":[\"https:\/\/www.instagram.com\/delphinemarieyoga\/\",\"https:\/\/www.linkedin.com\/in\/marquetdelphine\/\",\"https:\/\/www.youtube.com\/channel\/UC14d6dzG1eiQ7DiQNKCaeMA\",\"https:\/\/www.facebook.com\/delphinemarieyoga\/\"]}]}<\/script>\n<!-- \/ Yoast SEO plugin. -->","yoast_head_json":{"title":"Contact - La Yoga Tribe","description":"Pour toute question, demande de devis ou r\u00e9servation, vous pouvez me contacter par email ou via le formulaire de contact ci-dessous.","robots":{"index":"index","follow":"follow","max-snippet":"max-snippet:-1","max-image-preview":"max-image-preview:large","max-video-preview":"max-video-preview:-1"},"canonical":"https:\/\/delphinemarieyoga.com\/index.php\/home\/contact\/","og_locale":"fr_FR","og_type":"article","og_title":"Contact - La Yoga Tribe","og_description":"Pour toute question, demande de devis ou r\u00e9servation, vous pouvez me contacter par email ou via le formulaire de contact ci-dessous.","og_url":"https:\/\/delphinemarieyoga.com\/index.php\/home\/contact\/","og_site_name":"La Yoga Tribe","article_publisher":"https:\/\/www.facebook.com\/delphinemarieyoga\/","article_modified_time":"2023-04-07T07:25:26+00:00","twitter_card":"summary_large_image","twitter_misc":{"Dur\u00e9e de lecture estim\u00e9e":"1 minute"},"schema":{"@context":"https:\/\/schema.org","@graph":[{"@type":"WebPage","@id":"https:\/\/delphinemarieyoga.com\/index.php\/home\/contact\/","url":"https:\/\/delphinemarieyoga.com\/index.php\/home\/contact\/","name":"Contact - La Yoga Tribe","isPartOf":{"@id":"https:\/\/delphinemarieyoga.com\/#website"},"datePublished":"2016-09-24T08:21:22+00:00","dateModified":"2023-04-07T07:25:26+00:00","description":"Pour toute question, demande de devis ou r\u00e9servation, vous pouvez me contacter par email ou via le formulaire de contact ci-dessous.","breadcrumb":{"@id":"https:\/\/delphinemarieyoga.com\/index.php\/home\/contact\/#breadcrumb"},"inLanguage":"fr-FR","potentialAction":[{"@type":"ReadAction","target":["https:\/\/delphinemarieyoga.com\/index.php\/home\/contact\/"]}]},{"@type":"BreadcrumbList","@id":"https:\/\/delphinemarieyoga.com\/index.php\/home\/contact\/#breadcrumb","itemListElement":[{"@type":"ListItem","position":1,"name":"Accueil","item":"https:\/\/delphinemarieyoga.com\/"},{"@type":"ListItem","position":2,"name":"Home","item":"https:\/\/delphinemarieyoga.com\/"},{"@type":"ListItem","position":3,"name":"Contact"}]},{"@type":"WebSite","@id":"https:\/\/delphinemarieyoga.com\/#website","url":"https:\/\/delphinemarieyoga.com\/","name":"La Yoga Tribe","description":"Blog &amp; vid\u00e9os yoga","publisher":{"@id":"https:\/\/delphinemarieyoga.com\/#organization"},"potentialAction":[{"@type":"SearchAction","target":{"@type":"EntryPoint","urlTemplate":"https:\/\/delphinemarieyoga.com\/?s={search_term_string}"},"query-input":"required name=search_term_string"}],"inLanguage":"fr-FR"},{"@type":"Organization","@id":"https:\/\/delphinemarieyoga.com\/#organization","name":"Chronique d'une yogi: blog yoga, vid\u00e9os en ligne et cours sur Nice","url":"https:\/\/delphinemarieyoga.com\/","logo":{"@type":"ImageObject","inLanguage":"fr-FR","@id":"https:\/\/delphinemarieyoga.com\/#\/schema\/logo\/image\/","url":"https:\/\/delphinemarieyoga.com\/wp-content\/uploads\/2018\/01\/Sans-titre.png","contentUrl":"https:\/\/delphinemarieyoga.com\/wp-content\/uploads\/2018\/01\/Sans-titre.png","width":728,"height":90,"caption":"Chronique d'une yogi: blog yoga, vid\u00e9os en ligne et cours sur Nice"},"image":{"@id":"https:\/\/delphinemarieyoga.com\/#\/schema\/logo\/image\/"},"sameAs":["https:\/\/www.instagram.com\/delphinemarieyoga\/","https:\/\/www.linkedin.com\/in\/marquetdelphine\/","https:\/\/www.youtube.com\/channel\/UC14d6dzG1eiQ7DiQNKCaeMA","https:\/\/www.facebook.com\/delphinemarieyoga\/"]}]}},"uagb_featured_image_src":{"full":false,"thumbnail":false,"medium":false,"medium_large":false,"large":false,"1536x1536":false,"2048x2048":false,"woocommerce_thumbnail":false,"woocommerce_single":false,"woocommerce_gallery_thumbnail":false},"uagb_author_info":{"display_name":"Delphine","author_link":"https:\/\/delphinemarieyoga.com\/index.php\/author\/delphine\/"},"uagb_comment_info":0,"uagb_excerpt":"Pour toute question ou r\u00e9servation de cours,&nbsp;vous pouvez me contacter par email ou via le formulaire ci-dessous. Je me d\u00e9place \u00e0 domicile, en ext\u00e9rieur ou sur votre lieu de travail sur Nice et de Monaco \u00e0 Cannes. E: delphinemarieyoga@gmail.com","_links":{"self":[{"href":"https:\/\/delphinemarieyoga.com\/index.php\/wp-json\/wp\/v2\/pages\/126"}],"collection":[{"href":"https:\/\/delphinemarieyoga.com\/index.php\/wp-json\/wp\/v2\/pages"}],"about":[{"href":"https:\/\/delphinemarieyoga.com\/index.php\/wp-json\/wp\/v2\/types\/page"}],"author":[{"embeddable":true,"href":"https:\/\/delphinemarieyoga.com\/index.php\/wp-json\/wp\/v2\/users\/1"}],"replies":[{"embeddable":true,"href":"https:\/\/delphinemarieyoga.com\/index.php\/wp-json\/wp\/v2\/comments?post=126"}],"version-history":[{"count":6,"href":"https:\/\/delphinemarieyoga.com\/index.php\/wp-json\/wp\/v2\/pages\/126\/revisions"}],"predecessor-version":[{"id":23308,"href":"https:\/\/delphinemarieyoga.com\/index.php\/wp-json\/wp\/v2\/pages\/126\/revisions\/23308"}],"up":[{"embeddable":true,"href":"https:\/\/delphinemarieyoga.com\/index.php\/wp-json\/wp\/v2\/pages\/5"}],"wp:attachment":[{"href":"https:\/\/delphinemarieyoga.com\/index.php\/wp-json\/wp\/v2\/media?parent=126"}],"curies":[{"name":"wp","href":"https:\/\/api.w.org\/{rel}","templated":true}]}}